{"id":3269,"date":"2021-08-30T16:25:57","date_gmt":"2021-08-30T14:25:57","guid":{"rendered":"https:\/\/www.transalley.com\/transalley\/the-region\/"},"modified":"2022-06-09T17:29:47","modified_gmt":"2022-06-09T15:29:47","slug":"the-region","status":"publish","type":"page","link":"https:\/\/www.transalley.com\/en\/transalley\/the-region\/","title":{"rendered":"The Region"},"content":{"rendered":"\n<div class=\"wp-block-toolset-blocks-container tb-container entry-header\" data-toolset-blocks-container=\"0a6399667b1c865d7900dac085a65ae7\"><div class=\"tb-container-inner\">\n<h1 class=\"tb-heading\" data-toolset-blocks-heading=\"00fb0b0175a5bcc235c8da3beea89a4d\" data-last-update=\"1.4\"><span>Le territoire<\/span><\/h1>\n\n\n<div class=\"yoast-breadcrumbs\"><span><span><a href=\"https:\/\/www.transalley.com\/en\/\">Accueil<\/a><\/span> \/ <span><a href=\"https:\/\/www.transalley.com\/en\/transalley\/\">Transalley<\/a><\/span> \/ <span class=\"breadcrumb_last\" aria-current=\"page\">The Region<\/span><\/span><\/div><\/div><\/div>\n\n<div class=\"wp-block-toolset-blocks-container tb-container hero lead alignfull\" data-toolset-blocks-container=\"bcba0121bb5a123f4f3fb057ebabea6d\"><div class=\"tb-container-inner\">\n<div class=\"wp-block-toolset-blocks-container tb-container aligncenter\" data-toolset-blocks-container=\"87afd799e5ef0adb670243d7f645dcf6\">\n<p class=\"lead\">The Hauts-de-France region has seen the emergence of several breakthrough technological innovations i<strong>n the automotive, railway, and sustainable mobility sectors<\/strong>: hybrid vehicles, automatic metros, trams-trains, etc. With 9 universities and 24 engineering schools, it is a major centre of innovation and research in the sector. <\/p>\n<\/div>\n<\/div><\/div>\n\n<div class=\"wp-block-toolset-blocks-grid tb-grid\" data-toolset-blocks-grid=\"2b0805f10c236870973276b0de9b8470\">\n<div class=\"wp-block-toolset-blocks-grid-column tb-grid-column tb-grid-align-top\" data-toolset-blocks-grid-column=\"3034fbe886c11054e95b46b09d3e4112\"><\/div>\n\n\n\n<div class=\"wp-block-toolset-blocks-grid-column tb-grid-column tb-grid-align-top\" data-toolset-blocks-grid-column=\"3034fbe886c11054e95b46b09d3e4112\">\n<h2 class=\"gb-headline gb-headline-353369f5 gb-headline-text h3\">An attractive metropolis<\/h2>\n\n\n\n<p>The heir to a grand industrial past, Valenciennes is today a transformed city, committed to <strong>sustainable development.<\/strong> Its cultural and sports amenities, the friendliness of its inhabitants, and its pleasant and convivial atmosphere make it an <strong>attractive region<\/strong>. <\/p>\n\n\n\n<p>Thanks to its proven expertise in launching businesses, Valenciennes already welcomes <strong>international transport players<\/strong> and other large companies to its territory. It still strongly supports industry and has received <strong>the Territoire d\u2019Industrie (Region of Industry) label.<\/strong> <\/p>\n\n\n\n<p>Valenciennes also enjoys <strong>an excellent position in the heart of Europe<\/strong>, located near the great European metropolises such as London, Paris, Brussels, Berlin, Amsterdam, and Strasbourg.<\/p>\n<\/div>\n<\/div>\n\n<div class=\"wp-block-toolset-blocks-grid tb-grid\" data-toolset-blocks-grid=\"36f23a291f4eae115115cb84ab431291\">\n<div class=\"wp-block-toolset-blocks-grid-column tb-grid-column tb-grid-align-top\" data-toolset-blocks-grid-column=\"3034fbe886c11054e95b46b09d3e4112\">\n<h2 class=\"gb-headline gb-headline-9a5227d4 gb-headline-text h3\">A dynamic economy <\/h2>\n\n\n\n<p>With its concentration of 78 million consumers within a 300 km area, Valenciennes is a <strong>multimodal region<\/strong> that cultivates its economic sectors of excellence: automotive, rail, and aeronautics, as well as the fields of sustainable logistics and digital creation.<\/p>\n\n\n\n<p>Supporting the development of these sectors is a priority for Valenciennes M\u00e9tropole, with support <strong>for investment and implementation projects and research and teaching.<\/strong><\/p>\n<\/div>\n\n\n\n<div class=\"wp-block-toolset-blocks-grid-column tb-grid-column tb-grid-align-top\" data-toolset-blocks-grid-column=\"3034fbe886c11054e95b46b09d3e4112\">\n<figure class=\"wp-block-image tb-image tb-image-dynamic tb-image-frame-none\" data-toolset-blocks-image=\"0e459f90ac680215aeab13ef6adf1228\"><img decoding=\"async\" loading=\"lazy\" src=\"https:\/\/www.transalley.com\/wp-content\/uploads\/territoire-valenciennes-e1649693878249.jpg\" alt=\"Valenciennes tramway\" class=\"wp-image-2938\"\/><\/figure>\n<\/div>\n<\/div>\n\n<div class=\"wp-block-toolset-blocks-grid tb-grid\" data-toolset-blocks-grid=\"14ec8acfbc64af88867890d78af568c9\">\n<div class=\"wp-block-toolset-blocks-grid-column tb-grid-column tb-grid-align-top\" data-toolset-blocks-grid-column=\"3034fbe886c11054e95b46b09d3e4112\">\n<figure class=\"wp-block-image tb-image tb-image-dynamic tb-image-frame-none\" data-toolset-blocks-image=\"c22896d7411516b7af693083e657be45\"><img decoding=\"async\" width=\"1200\" height=\"799\" loading=\"lazy\" src=\"https:\/\/www.transalley.com\/wp-content\/uploads\/batiment-technopole-transalley.jpg\" alt=\"Transalley technopole building\" class=\"wp-image-2943\" srcset=\"https:\/\/www.transalley.com\/wp-content\/uploads\/batiment-technopole-transalley.jpg 1200w, https:\/\/www.transalley.com\/wp-content\/uploads\/batiment-technopole-transalley-600x400.jpg 600w, https:\/\/www.transalley.com\/wp-content\/uploads\/batiment-technopole-transalley-768x511.jpg 768w\" sizes=\"auto, (max-width: 1200px) 100vw, 1200px\" \/><\/figure>\n<\/div>\n\n\n\n<div class=\"wp-block-toolset-blocks-grid-column tb-grid-column tb-grid-align-top\" data-toolset-blocks-grid-column=\"3034fbe886c11054e95b46b09d3e4112\">\n<h2 class=\"h3 wp-block-heading\">A major centre for training and research<\/h2>\n\n\n\n<p>The Transalley technology park is ideally located in the <strong>extension of the university campus<\/strong> (Mont Houy site). <a href=\"https:\/\/www.uphf.fr\/\">The Hauts-de-France Polytechnic University (UPHF)<\/a>, which has 14,000 students, is nationally recognised in the fields of transport and mobility. With the \u201c<strong>Campus Innovant Transports Durables\u201d<\/strong> label, the UPHF hosts the <a href=\"https:\/\/www.insa-hautsdefrance.fr\/\">Institut National des Sciences Appliqu\u00e9es (INSA) Hauts-de-France<\/a>, the Rubika group of schools dedicated to digital creation, the Institut Sup\u00e9rieur du Design, <a href=\"http:\/\/www.uphf.fr\/liut-de-valenciennes-cambrai-maubeuge\">the Institut Universitaire de Technologie de Valenciennes, Cambrai, and Maubeuge<\/a>, and the Institut d\u2019Administration des Entreprises.<\/p>\n\n\n\n<p>Featuring major technological platforms and a testing centre (C3T Valutec) accessible to businesses, the UPHF is constantly listening to <strong>the needs of manufacturers<\/strong>and does everything possible to promote innovation and synergy with the economic world.<\/p>\n\n\n\n<p>The technology park is also at the heart of an international class research centre with 7 laboratories (including 2 UMR CNRS), 475 research personnel, and 200 doctoral students. The UPHF is a coordinator of regional research on transportation and houses the F\u00e9d\u00e9ration de Recherche sur les Transports Terrestre et la Mobilit\u00e9 and the ELSAT2020 programme. <\/p>\n<\/div>\n<\/div>\n\n<h2 class=\"tb-heading has-text-color h1\" data-toolset-blocks-heading=\"1a0a455865349b4c4cb40beb2d128254\" data-last-update=\"1.4\"><span>The transport and mobility sector<\/span><\/h2>\n\n<div class=\"wp-block-toolset-blocks-grid tb-grid industries\" data-toolset-blocks-grid=\"6c69e6fe7a2fd1329805653616eb6545\">\n<div class=\"wp-block-toolset-blocks-grid-column tb-grid-column tb-grid-align-top\" data-toolset-blocks-grid-column=\"3034fbe886c11054e95b46b09d3e4112\">\n<div class=\"wp-block-toolset-blocks-container tb-container\" data-toolset-blocks-container=\"3908a4a3ddd35cd450d08eccd2508162\">\n<h3 class=\"tb-heading has-text-color font-family-condensed\" data-toolset-blocks-heading=\"2158aaf3d42662e3d0d018d7ce872d8f\" data-last-update=\"1.4\">The Railway Sector<\/h3>\n\n\n\n<div class=\"tb-button aligncenter\" data-toolset-blocks-button=\"f4b06d1c43f93d20ec084ed15f5b038c\"><a class=\"tb-button__link\" href=\"https:\/\/www.transalley.com\/le-territoire\/la-filiere-ferroviaire\/\"><i class=\"tb-button__icon\"><\/i><span class=\"tb-button__content\">Read more<\/span><\/a><\/div>\n<\/div>\n<\/div>\n\n\n\n<div class=\"wp-block-toolset-blocks-grid-column tb-grid-column tb-grid-align-top\" data-toolset-blocks-grid-column=\"3034fbe886c11054e95b46b09d3e4112\">\n<div class=\"wp-block-toolset-blocks-container tb-container\" data-toolset-blocks-container=\"7c6c615211f82982377109be3b1f5772\">\n<h3 class=\"tb-heading has-text-color font-family-condensed\" data-toolset-blocks-heading=\"2158aaf3d42662e3d0d018d7ce872d8f\" data-last-update=\"1.4\">The Automotive Sector<\/h3>\n\n\n\n<div class=\"tb-button aligncenter\" data-toolset-blocks-button=\"c6c2d85eaf7ed7fd3f07baf34da19881\"><a class=\"tb-button__link\" href=\"https:\/\/www.transalley.com\/le-territoire\/la-filiere-automobile\/\"><i class=\"tb-button__icon\"><\/i><span class=\"tb-button__content\">Read more<\/span><\/a><\/div>\n<\/div>\n<\/div>\n\n\n\n<div class=\"wp-block-toolset-blocks-grid-column tb-grid-column tb-grid-align-top\" data-toolset-blocks-grid-column=\"3034fbe886c11054e95b46b09d3e4112\">\n<div class=\"wp-block-toolset-blocks-container tb-container\" data-toolset-blocks-container=\"5d0b879c700a98683a7f71250b0a1b35\">\n<h3 class=\"tb-heading has-text-color font-family-condensed\" data-toolset-blocks-heading=\"2158aaf3d42662e3d0d018d7ce872d8f\" data-last-update=\"1.4\">The Aeronautics sector<\/h3>\n\n\n\n<div class=\"tb-button aligncenter\" data-toolset-blocks-button=\"a572b63bc8a854b40bd4315a029fe971\"><a class=\"tb-button__link\" href=\"https:\/\/www.transalley.com\/le-territoire\/la-filiere-aeronautique\/\"><i class=\"tb-button__icon\"><\/i><span class=\"tb-button__content\">Read more<\/span><\/a><\/div>\n<\/div>\n<\/div>\n<\/div>\n\n<p><\/p>\n","protected":false},"excerpt":{"rendered":"","protected":false},"author":1,"featured_media":0,"parent":3177,"menu_order":0,"comment_status":"closed","ping_status":"closed","template":"","meta":{"inline_featured_image":false,"footnotes":""},"class_list":["post-3269","page","type-page","status-publish"],"yoast_head":"<!-- This site is optimized with the Yoast SEO plugin v27.5 - https:\/\/yoast.com\/product\/yoast-seo-wordpress\/ -->\n<title>The Region<\/title>\n<meta name=\"description\" content=\"Hauts-de-France has seen the birth of several technological innovations in the automotive, rail and sustainable mobility sectors.\" \/>\n<meta name=\"robots\" content=\"index, follow, max-snippet:-1, max-image-preview:large, max-video-preview:-1\" \/>\n<link rel=\"canonical\" href=\"https:\/\/www.transalley.com\/en\/transalley\/the-region\/\" \/>\n<meta property=\"og:locale\" content=\"en_US\" \/>\n<meta property=\"og:type\" content=\"article\" \/>\n<meta property=\"og:title\" content=\"The Region\" \/>\n<meta property=\"og:description\" content=\"Hauts-de-France has seen the birth of several technological innovations in the automotive, rail and sustainable mobility sectors.\" \/>\n<meta property=\"og:url\" content=\"https:\/\/www.transalley.com\/en\/transalley\/the-region\/\" \/>\n<meta property=\"og:site_name\" content=\"Transalley\" \/>\n<meta property=\"article:publisher\" content=\"https:\/\/www.facebook.com\/Transalleyofficiel\" \/>\n<meta property=\"article:modified_time\" content=\"2022-06-09T15:29:47+00:00\" \/>\n<meta property=\"og:image\" content=\"https:\/\/www.transalley.com\/wp-content\/uploads\/territoire-valenciennes-e1649693878249.jpg\" \/>\n<meta name=\"twitter:card\" content=\"summary_large_image\" \/>\n<meta name=\"twitter:label1\" content=\"Est. reading time\" \/>\n\t<meta name=\"twitter:data1\" content=\"2 minutes\" \/>\n<script type=\"application\/ld+json\" class=\"yoast-schema-graph\">{\"@context\":\"https:\\\/\\\/schema.org\",\"@graph\":[{\"@type\":\"WebPage\",\"@id\":\"https:\\\/\\\/www.transalley.com\\\/en\\\/transalley\\\/the-region\\\/\",\"url\":\"https:\\\/\\\/www.transalley.com\\\/en\\\/transalley\\\/the-region\\\/\",\"name\":\"The Region\",\"isPartOf\":{\"@id\":\"https:\\\/\\\/www.transalley.com\\\/en\\\/#website\"},\"primaryImageOfPage\":{\"@id\":\"https:\\\/\\\/www.transalley.com\\\/en\\\/transalley\\\/the-region\\\/#primaryimage\"},\"image\":{\"@id\":\"https:\\\/\\\/www.transalley.com\\\/en\\\/transalley\\\/the-region\\\/#primaryimage\"},\"thumbnailUrl\":\"https:\\\/\\\/www.transalley.com\\\/wp-content\\\/uploads\\\/territoire-valenciennes-e1649693878249.jpg\",\"datePublished\":\"2021-08-30T14:25:57+00:00\",\"dateModified\":\"2022-06-09T15:29:47+00:00\",\"description\":\"Hauts-de-France has seen the birth of several technological innovations in the automotive, rail and sustainable mobility sectors.\",\"breadcrumb\":{\"@id\":\"https:\\\/\\\/www.transalley.com\\\/en\\\/transalley\\\/the-region\\\/#breadcrumb\"},\"inLanguage\":\"en-US\",\"potentialAction\":[{\"@type\":\"ReadAction\",\"target\":[\"https:\\\/\\\/www.transalley.com\\\/en\\\/transalley\\\/the-region\\\/\"]}]},{\"@type\":\"ImageObject\",\"inLanguage\":\"en-US\",\"@id\":\"https:\\\/\\\/www.transalley.com\\\/en\\\/transalley\\\/the-region\\\/#primaryimage\",\"url\":\"https:\\\/\\\/www.transalley.com\\\/wp-content\\\/uploads\\\/territoire-valenciennes-e1649693878249.jpg\",\"contentUrl\":\"https:\\\/\\\/www.transalley.com\\\/wp-content\\\/uploads\\\/territoire-valenciennes-e1649693878249.jpg\"},{\"@type\":\"BreadcrumbList\",\"@id\":\"https:\\\/\\\/www.transalley.com\\\/en\\\/transalley\\\/the-region\\\/#breadcrumb\",\"itemListElement\":[{\"@type\":\"ListItem\",\"position\":1,\"name\":\"Accueil\",\"item\":\"https:\\\/\\\/www.transalley.com\\\/en\\\/\"},{\"@type\":\"ListItem\",\"position\":2,\"name\":\"Transalley\",\"item\":\"https:\\\/\\\/www.transalley.com\\\/en\\\/transalley\\\/\"},{\"@type\":\"ListItem\",\"position\":3,\"name\":\"The Region\"}]},{\"@type\":\"WebSite\",\"@id\":\"https:\\\/\\\/www.transalley.com\\\/en\\\/#website\",\"url\":\"https:\\\/\\\/www.transalley.com\\\/en\\\/\",\"name\":\"Transalley\",\"description\":\"Technop\u00f4le des mobilit\u00e9s et transports durables Valenciennes\",\"publisher\":{\"@id\":\"https:\\\/\\\/www.transalley.com\\\/en\\\/#organization\"},\"potentialAction\":[{\"@type\":\"SearchAction\",\"target\":{\"@type\":\"EntryPoint\",\"urlTemplate\":\"https:\\\/\\\/www.transalley.com\\\/en\\\/?s={search_term_string}\"},\"query-input\":{\"@type\":\"PropertyValueSpecification\",\"valueRequired\":true,\"valueName\":\"search_term_string\"}}],\"inLanguage\":\"en-US\"},{\"@type\":\"Organization\",\"@id\":\"https:\\\/\\\/www.transalley.com\\\/en\\\/#organization\",\"name\":\"Transalley\",\"url\":\"https:\\\/\\\/www.transalley.com\\\/en\\\/\",\"logo\":{\"@type\":\"ImageObject\",\"inLanguage\":\"en-US\",\"@id\":\"https:\\\/\\\/www.transalley.com\\\/en\\\/#\\\/schema\\\/logo\\\/image\\\/\",\"url\":\"https:\\\/\\\/www.transalley.com\\\/wp-content\\\/uploads\\\/transalley-icon.png\",\"contentUrl\":\"https:\\\/\\\/www.transalley.com\\\/wp-content\\\/uploads\\\/transalley-icon.png\",\"width\":512,\"height\":512,\"caption\":\"Transalley\"},\"image\":{\"@id\":\"https:\\\/\\\/www.transalley.com\\\/en\\\/#\\\/schema\\\/logo\\\/image\\\/\"},\"sameAs\":[\"https:\\\/\\\/www.facebook.com\\\/Transalleyofficiel\",\"https:\\\/\\\/www.youtube.com\\\/channel\\\/UC-7JVGgjJnOai8INVfgYKfA\",\"https:\\\/\\\/www.linkedin.com\\\/company\\\/transalley\"]}]}<\/script>\n<!-- \/ Yoast SEO plugin. -->","yoast_head_json":{"title":"The Region","description":"Hauts-de-France has seen the birth of several technological innovations in the automotive, rail and sustainable mobility sectors.","robots":{"index":"index","follow":"follow","max-snippet":"max-snippet:-1","max-image-preview":"max-image-preview:large","max-video-preview":"max-video-preview:-1"},"canonical":"https:\/\/www.transalley.com\/en\/transalley\/the-region\/","og_locale":"en_US","og_type":"article","og_title":"The Region","og_description":"Hauts-de-France has seen the birth of several technological innovations in the automotive, rail and sustainable mobility sectors.","og_url":"https:\/\/www.transalley.com\/en\/transalley\/the-region\/","og_site_name":"Transalley","article_publisher":"https:\/\/www.facebook.com\/Transalleyofficiel","article_modified_time":"2022-06-09T15:29:47+00:00","og_image":[{"url":"https:\/\/www.transalley.com\/wp-content\/uploads\/territoire-valenciennes-e1649693878249.jpg","type":"","width":"","height":""}],"twitter_card":"summary_large_image","twitter_misc":{"Est. reading time":"2 minutes"},"schema":{"@context":"https:\/\/schema.org","@graph":[{"@type":"WebPage","@id":"https:\/\/www.transalley.com\/en\/transalley\/the-region\/","url":"https:\/\/www.transalley.com\/en\/transalley\/the-region\/","name":"The Region","isPartOf":{"@id":"https:\/\/www.transalley.com\/en\/#website"},"primaryImageOfPage":{"@id":"https:\/\/www.transalley.com\/en\/transalley\/the-region\/#primaryimage"},"image":{"@id":"https:\/\/www.transalley.com\/en\/transalley\/the-region\/#primaryimage"},"thumbnailUrl":"https:\/\/www.transalley.com\/wp-content\/uploads\/territoire-valenciennes-e1649693878249.jpg","datePublished":"2021-08-30T14:25:57+00:00","dateModified":"2022-06-09T15:29:47+00:00","description":"Hauts-de-France has seen the birth of several technological innovations in the automotive, rail and sustainable mobility sectors.","breadcrumb":{"@id":"https:\/\/www.transalley.com\/en\/transalley\/the-region\/#breadcrumb"},"inLanguage":"en-US","potentialAction":[{"@type":"ReadAction","target":["https:\/\/www.transalley.com\/en\/transalley\/the-region\/"]}]},{"@type":"ImageObject","inLanguage":"en-US","@id":"https:\/\/www.transalley.com\/en\/transalley\/the-region\/#primaryimage","url":"https:\/\/www.transalley.com\/wp-content\/uploads\/territoire-valenciennes-e1649693878249.jpg","contentUrl":"https:\/\/www.transalley.com\/wp-content\/uploads\/territoire-valenciennes-e1649693878249.jpg"},{"@type":"BreadcrumbList","@id":"https:\/\/www.transalley.com\/en\/transalley\/the-region\/#breadcrumb","itemListElement":[{"@type":"ListItem","position":1,"name":"Accueil","item":"https:\/\/www.transalley.com\/en\/"},{"@type":"ListItem","position":2,"name":"Transalley","item":"https:\/\/www.transalley.com\/en\/transalley\/"},{"@type":"ListItem","position":3,"name":"The Region"}]},{"@type":"WebSite","@id":"https:\/\/www.transalley.com\/en\/#website","url":"https:\/\/www.transalley.com\/en\/","name":"Transalley","description":"Technop\u00f4le des mobilit\u00e9s et transports durables Valenciennes","publisher":{"@id":"https:\/\/www.transalley.com\/en\/#organization"},"potentialAction":[{"@type":"SearchAction","target":{"@type":"EntryPoint","urlTemplate":"https:\/\/www.transalley.com\/en\/?s={search_term_string}"},"query-input":{"@type":"PropertyValueSpecification","valueRequired":true,"valueName":"search_term_string"}}],"inLanguage":"en-US"},{"@type":"Organization","@id":"https:\/\/www.transalley.com\/en\/#organization","name":"Transalley","url":"https:\/\/www.transalley.com\/en\/","logo":{"@type":"ImageObject","inLanguage":"en-US","@id":"https:\/\/www.transalley.com\/en\/#\/schema\/logo\/image\/","url":"https:\/\/www.transalley.com\/wp-content\/uploads\/transalley-icon.png","contentUrl":"https:\/\/www.transalley.com\/wp-content\/uploads\/transalley-icon.png","width":512,"height":512,"caption":"Transalley"},"image":{"@id":"https:\/\/www.transalley.com\/en\/#\/schema\/logo\/image\/"},"sameAs":["https:\/\/www.facebook.com\/Transalleyofficiel","https:\/\/www.youtube.com\/channel\/UC-7JVGgjJnOai8INVfgYKfA","https:\/\/www.linkedin.com\/company\/transalley"]}]}},"_links":{"self":[{"href":"https:\/\/www.transalley.com\/en\/wp-json\/wp\/v2\/pages\/3269","targetHints":{"allow":["GET"]}}],"collection":[{"href":"https:\/\/www.transalley.com\/en\/wp-json\/wp\/v2\/pages"}],"about":[{"href":"https:\/\/www.transalley.com\/en\/wp-json\/wp\/v2\/types\/page"}],"author":[{"embeddable":true,"href":"https:\/\/www.transalley.com\/en\/wp-json\/wp\/v2\/users\/1"}],"replies":[{"embeddable":true,"href":"https:\/\/www.transalley.com\/en\/wp-json\/wp\/v2\/comments?post=3269"}],"version-history":[{"count":2,"href":"https:\/\/www.transalley.com\/en\/wp-json\/wp\/v2\/pages\/3269\/revisions"}],"predecessor-version":[{"id":3979,"href":"https:\/\/www.transalley.com\/en\/wp-json\/wp\/v2\/pages\/3269\/revisions\/3979"}],"up":[{"embeddable":true,"href":"https:\/\/www.transalley.com\/en\/wp-json\/wp\/v2\/pages\/3177"}],"wp:attachment":[{"href":"https:\/\/www.transalley.com\/en\/wp-json\/wp\/v2\/media?parent=3269"}],"curies":[{"name":"wp","href":"https:\/\/api.w.org\/{rel}","templated":true}]}}